{"id":13,"date":"2022-12-31T01:28:48","date_gmt":"2022-12-31T00:28:48","guid":{"rendered":"http:\/\/auktionsuedwest.de\/?page_id=13"},"modified":"2023-11-15T20:32:05","modified_gmt":"2023-11-15T19:32:05","slug":"ueber-uns-2","status":"publish","type":"page","link":"https:\/\/auktionsuedwest.de\/index.php\/ueber-uns-2\/","title":{"rendered":"\u00dcber uns"},"content":{"rendered":"\n<p>.<\/p>\n\t\t\t\t<img loading=\"lazy\" decoding=\"async\" src=\"http:\/\/auktionsuedwest.de\/wp-content\/uploads\/2022\/12\/ProfilAktuell-212x300.jpg\" alt=\"ProfilAktuell\" itemprop=\"image\" height=\"300\" width=\"212\" title=\"ProfilAktuell\" onerror=\"this.style.display='none'\">\n\t<strong>Rainer Schleweck<\/strong><br>\n<em>\u00f6ffentlich bestellter und vereidigter Auktionator f\u00fcr fremde bewegliche Sachen und Grundst\u00fccke, sowie grundst\u00fccksgleiche Rechte<\/em>\n<p>&nbsp;<\/p>\n<p>&nbsp;<\/p>\n\t\t\t\t<img loading=\"lazy\" decoding=\"async\" src=\"http:\/\/auktionsuedwest.de\/wp-content\/uploads\/2023\/01\/Marianne-211x300.jpg\" alt=\"Marianne\" itemprop=\"image\" height=\"300\" width=\"211\" title=\"Marianne\" onerror=\"this.style.display='none'\">\n\t<strong>Marianne Schleweck<\/strong><br>\n<em>rechte Hand und verantwortlich f\u00fcr die gesamte B\u00fcrokorrespondenz<\/em>\n","protected":false},"excerpt":{"rendered":"<p>. Rainer Schleweck \u00f6ffentlich bestellter und vereidigter Auktionator f\u00fcr fremde bewegliche Sachen und Grundst\u00fccke, sowie grundst\u00fccksgleiche Rechte &nbsp; &nbsp; Marianne Schleweck rechte [&hellip;]<\/p>\n","protected":false},"author":1,"featured_media":0,"parent":0,"menu_order":0,"comment_status":"closed","ping_status":"closed","template":"","meta":{"ngg_post_thumbnail":0,"footnotes":""},"class_list":["post-13","page","type-page","status-publish","hentry"],"_links":{"self":[{"href":"https:\/\/auktionsuedwest.de\/index.php\/wp-json\/wp\/v2\/pages\/13","targetHints":{"allow":["GET"]}}],"collection":[{"href":"https:\/\/auktionsuedwest.de\/index.php\/wp-json\/wp\/v2\/pages"}],"about":[{"href":"https:\/\/auktionsuedwest.de\/index.php\/wp-json\/wp\/v2\/types\/page"}],"author":[{"embeddable":true,"href":"https:\/\/auktionsuedwest.de\/index.php\/wp-json\/wp\/v2\/users\/1"}],"replies":[{"embeddable":true,"href":"https:\/\/auktionsuedwest.de\/index.php\/wp-json\/wp\/v2\/comments?post=13"}],"version-history":[{"count":13,"href":"https:\/\/auktionsuedwest.de\/index.php\/wp-json\/wp\/v2\/pages\/13\/revisions"}],"predecessor-version":[{"id":174,"href":"https:\/\/auktionsuedwest.de\/index.php\/wp-json\/wp\/v2\/pages\/13\/revisions\/174"}],"wp:attachment":[{"href":"https:\/\/auktionsuedwest.de\/index.php\/wp-json\/wp\/v2\/media?parent=13"}],"curies":[{"name":"wp","href":"https:\/\/api.w.org\/{rel}","templated":true}]}}