{"id":65,"date":"2022-12-31T01:21:40","date_gmt":"2022-12-31T00:21:40","guid":{"rendered":"http:\/\/auktionsuedwest.de\/?page_id=65"},"modified":"2026-03-31T17:48:30","modified_gmt":"2026-03-31T15:48:30","slug":"startseite","status":"publish","type":"page","link":"https:\/\/auktionsuedwest.de\/","title":{"rendered":"Herzlich Willkommen"},"content":{"rendered":"\n<div class=\"wp-block-buttons is-layout-flex wp-block-buttons-is-layout-flex\"><\/div>\n\n\n<p style=\"text-align: left;\"><img loading=\"lazy\" decoding=\"async\" class=\"alignleft wp-image-16 \" src=\"http:\/\/auktionsuedwest.de\/wp-content\/uploads\/2022\/12\/ProfilAktuell.jpg\" alt=\"\" width=\"317\" height=\"450\" srcset=\"https:\/\/auktionsuedwest.de\/wp-content\/uploads\/2022\/12\/ProfilAktuell.jpg 1085w, https:\/\/auktionsuedwest.de\/wp-content\/uploads\/2022\/12\/ProfilAktuell-212x300.jpg 212w, https:\/\/auktionsuedwest.de\/wp-content\/uploads\/2022\/12\/ProfilAktuell-722x1024.jpg 722w, https:\/\/auktionsuedwest.de\/wp-content\/uploads\/2022\/12\/ProfilAktuell-768x1089.jpg 768w, https:\/\/auktionsuedwest.de\/wp-content\/uploads\/2022\/12\/ProfilAktuell-1083x1536.jpg 1083w\" sizes=\"auto, (max-width: 317px) 100vw, 317px\" \/><\/p>\n<p style=\"text-align: left;\">Mein Name ist Rainer Schleweck und ich m\u00f6chte Ihnen gerne mehr Informationen \u00fcber unser B\u00fcro geben.&nbsp;<\/p>\n<p>Zu unseren Auftraggebern z\u00e4hlen unter anderem: Rechtsanw\u00e4lte, Insolvenzanw\u00e4lte, Staatsanwaltschaften, Polizeipr\u00e4sidien, sowie Privatpersonen.<\/p>\n<p>Wir verwerten Waren und Gegenst\u00e4nde im Rahmen von Insolvenzabl\u00e4ufen, erstellen Wertgutachten, verwerten&nbsp; Sicherungsg\u00fcter und&nbsp; \u00fcbernehmen Auftr\u00e4ge bei Verm\u00f6gensabsch\u00f6pfungen.&nbsp;&nbsp;<\/p>\n<p>Wenn Sie mehr Informationen \u00fcber unser Auktionsb\u00fcro w\u00fcnschen, k\u00f6nnen Sie dies gerne per Mail tun, oder einfach anrufen. Sollten Sie nur Interesse an unseren aktuellen Auktionsterminen haben, dann klicken Sie oben in der Men\u00fcleiste auf &#8222;Auktionstermine&#8220;.<\/p>\n<p><strong>Referenzen:&nbsp; &nbsp; &nbsp; <\/strong><\/p>\n<p><strong>Staatsanwaltschaft Stuttgart<br>und Heilbronn, Polizeipr\u00e4sidium Ludwigburg,<br>Mercedes-Benz AG, Insolvenzanw\u00e4lte und<br>Privatpersonen<\/strong><\/p>\n<p style=\"text-align: center;\">&nbsp;<\/p>\n<p>&nbsp;<\/p>\n<p style=\"text-align: left;\">&nbsp;<\/p>\n<p style=\"text-align: left;\">&nbsp;<\/p>","protected":false},"excerpt":{"rendered":"<p>Mein Name ist Rainer Schleweck und ich m\u00f6chte Ihnen gerne mehr Informationen \u00fcber unser B\u00fcro geben.&nbsp; Zu unseren Auftraggebern z\u00e4hlen unter anderem: [&hellip;]<\/p>\n","protected":false},"author":1,"featured_media":0,"parent":0,"menu_order":0,"comment_status":"closed","ping_status":"closed","template":"","meta":{"ngg_post_thumbnail":0,"footnotes":""},"class_list":["post-65","page","type-page","status-publish","hentry"],"_links":{"self":[{"href":"https:\/\/auktionsuedwest.de\/index.php\/wp-json\/wp\/v2\/pages\/65","targetHints":{"allow":["GET"]}}],"collection":[{"href":"https:\/\/auktionsuedwest.de\/index.php\/wp-json\/wp\/v2\/pages"}],"about":[{"href":"https:\/\/auktionsuedwest.de\/index.php\/wp-json\/wp\/v2\/types\/page"}],"author":[{"embeddable":true,"href":"https:\/\/auktionsuedwest.de\/index.php\/wp-json\/wp\/v2\/users\/1"}],"replies":[{"embeddable":true,"href":"https:\/\/auktionsuedwest.de\/index.php\/wp-json\/wp\/v2\/comments?post=65"}],"version-history":[{"count":20,"href":"https:\/\/auktionsuedwest.de\/index.php\/wp-json\/wp\/v2\/pages\/65\/revisions"}],"predecessor-version":[{"id":299,"href":"https:\/\/auktionsuedwest.de\/index.php\/wp-json\/wp\/v2\/pages\/65\/revisions\/299"}],"wp:attachment":[{"href":"https:\/\/auktionsuedwest.de\/index.php\/wp-json\/wp\/v2\/media?parent=65"}],"curies":[{"name":"wp","href":"https:\/\/api.w.org\/{rel}","templated":true}]}}